{"id":2901,"date":"2015-11-18T08:34:00","date_gmt":"2015-11-18T08:34:00","guid":{"rendered":"http:\/\/demo.thimpress.com\/eduma\/?page_id=2901"},"modified":"2019-04-25T21:57:51","modified_gmt":"2019-04-25T18:57:51","slug":"bizkimiz","status":"publish","type":"page","link":"https:\/\/corummatematikevi.com\/index.php\/bizkimiz\/","title":{"rendered":"Biz Kimiz?"},"content":{"rendered":"<div id=\"pl-2901\"  class=\"panel-layout\" ><div id=\"pg-2901-0\"  class=\"panel-grid panel-no-style\" ><div id=\"pgc-2901-0-0\"  class=\"panel-grid-cell\" ><div id=\"panel-2901-0-0-0\" class=\"so-panel widget widget_gallery-images panel-first-child\" data-index=\"0\" ><div class=\"thim-widget-gallery-images template-base\"><div class=\"thim-carousel-wrapper gallery-img\" data-visible=\"1\" data-itemtablet=\"2\" data-itemmobile=\"1\" data-autoplay=\"0\" data-navigation=\"0\" data-pagination=\"1\" data-loop=\"true\"><div class=\"item\"><img fetchpriority=\"high\" decoding=\"async\" width=\"1170\" height=\"550\" src=\"https:\/\/corummatematikevi.com\/wp-content\/uploads\/2015\/11\/slider-3.jpg\" class=\"attachment-full size-full\" alt=\"\" srcset=\"https:\/\/corummatematikevi.com\/wp-content\/uploads\/2015\/11\/slider-3.jpg 1170w, https:\/\/corummatematikevi.com\/wp-content\/uploads\/2015\/11\/slider-3-300x141.jpg 300w, https:\/\/corummatematikevi.com\/wp-content\/uploads\/2015\/11\/slider-3-768x361.jpg 768w, https:\/\/corummatematikevi.com\/wp-content\/uploads\/2015\/11\/slider-3-1024x481.jpg 1024w, https:\/\/corummatematikevi.com\/wp-content\/uploads\/2015\/11\/slider-3-600x282.jpg 600w\" sizes=\"(max-width: 1170px) 100vw, 1170px\" \/><\/div><div class=\"item\"><img decoding=\"async\" width=\"1170\" height=\"550\" src=\"https:\/\/corummatematikevi.com\/wp-content\/uploads\/2015\/11\/slider-2.jpg\" class=\"attachment-full size-full\" alt=\"\" srcset=\"https:\/\/corummatematikevi.com\/wp-content\/uploads\/2015\/11\/slider-2.jpg 1170w, https:\/\/corummatematikevi.com\/wp-content\/uploads\/2015\/11\/slider-2-300x141.jpg 300w, https:\/\/corummatematikevi.com\/wp-content\/uploads\/2015\/11\/slider-2-768x361.jpg 768w, https:\/\/corummatematikevi.com\/wp-content\/uploads\/2015\/11\/slider-2-1024x481.jpg 1024w, https:\/\/corummatematikevi.com\/wp-content\/uploads\/2015\/11\/slider-2-600x282.jpg 600w\" sizes=\"(max-width: 1170px) 100vw, 1170px\" \/><\/div><div class=\"item\"><img decoding=\"async\" width=\"1170\" height=\"550\" src=\"https:\/\/corummatematikevi.com\/wp-content\/uploads\/2015\/11\/slider-1.jpg\" class=\"attachment-full size-full\" alt=\"\" srcset=\"https:\/\/corummatematikevi.com\/wp-content\/uploads\/2015\/11\/slider-1.jpg 1170w, https:\/\/corummatematikevi.com\/wp-content\/uploads\/2015\/11\/slider-1-300x141.jpg 300w, https:\/\/corummatematikevi.com\/wp-content\/uploads\/2015\/11\/slider-1-768x361.jpg 768w, https:\/\/corummatematikevi.com\/wp-content\/uploads\/2015\/11\/slider-1-1024x481.jpg 1024w, https:\/\/corummatematikevi.com\/wp-content\/uploads\/2015\/11\/slider-1-600x282.jpg 600w\" sizes=\"(max-width: 1170px) 100vw, 1170px\" \/><\/div><\/div><\/div><\/div><div id=\"panel-2901-0-0-1\" class=\"so-panel widget widget_text panel-last-child\" data-index=\"1\" >\t\t\t<div class=\"textwidget\"><div class=\"thim-about-us-quote\">\n<p>\u201cMatematik fobiniz de\u011fil, hobiniz olsun\u201d<\/p>\n<hr>\n<\/div><\/div>\n\t\t<\/div><\/div><\/div><div id=\"pg-2901-1\"  class=\"panel-grid panel-no-style\" ><div id=\"pgc-2901-1-0\"  class=\"panel-grid-cell\" ><div id=\"panel-2901-1-0-0\" class=\"so-panel widget widget_text panel-first-child panel-last-child\" data-index=\"2\" ><h3 class=\"widget-title\">Biz Kimiz?<\/h3>\t\t\t<div class=\"textwidget\">\u00c7orum Matematikevi 2018 y\u0131l\u0131nda faaliyet g\u00f6stermeye ba\u015flam\u0131\u015f bir \u00f6zel \u00f6\u011fretim kursudur. Kursumuzda \u00f6\u011fretim olarak sadece Matematik e\u011fitimi verilmektedir.<\/div>\n\t\t<\/div><\/div><div id=\"pgc-2901-1-1\"  class=\"panel-grid-cell panel-grid-cell-empty\" ><\/div><div id=\"pgc-2901-1-2\"  class=\"panel-grid-cell\" ><div id=\"panel-2901-1-2-0\" class=\"so-panel widget widget_text panel-first-child panel-last-child\" data-index=\"3\" ><h3 class=\"widget-title\">Ne yap\u0131yoruz?<\/h3>\t\t\t<div class=\"textwidget\">Kursumuzda \u00f6\u011fretim olarak sadece Matematik e\u011fitimi verilmektedir.<br>\n* 9,10,11,12. S\u0131n\u0131f ve Mezun gruplar\u0131 i\u00e7in 5-10 ki\u015filik s\u0131n\u0131flarda tecr\u00fcbeli \u00f6\u011fretmenlerle s\u0131n\u0131f e\u011fitimi<br>\n* 5,6,7 ve 8. S\u0131n\u0131flar i\u00e7in bire-bir \u00f6zel ders<br>\n* \u00d6\u011frencilerimiz i\u00e7in sessiz ders \u00e7al\u0131\u015fma ortam\u0131 temini<br>\n* Haftal\u0131k deneme s\u0131navlar\u0131 <br>\n* Rehberlik faaliyetleri kapsam\u0131nda \u00f6\u011frenciye \u00f6zel soru takip sistemi<br>\n* Nas\u0131l ders \u00e7al\u0131\u015fmal\u0131y\u0131m, nas\u0131l verimli \u00e7al\u0131\u015fmal\u0131y\u0131m gibi konularda rehberlik<br><\/div>\n\t\t<\/div><\/div><\/div><\/div>","protected":false},"excerpt":{"rendered":"<p>\u201cMatematik fobiniz de\u011fil, hobiniz olsun\u201d \u00c7orum Matematikevi 2018 y\u0131l\u0131nda faaliyet g\u00f6stermeye ba\u015flam\u0131\u015f bir \u00f6zel \u00f6\u011fretim kursudur. Kursumuzda \u00f6\u011fretim olarak sadece Matematik e\u011fitimi verilmektedir. Kursumuzda \u00f6\u011fretim olarak sadece Matematik e\u011fitimi verilmektedir. * 9,10,11,12. S\u0131n\u0131f ve Mezun gruplar\u0131 i\u00e7in 5-10 ki\u015filik s\u0131n\u0131flarda &hellip; <\/p>\n","protected":false},"author":1,"featured_media":0,"parent":0,"menu_order":0,"comment_status":"closed","ping_status":"closed","template":"","meta":{"_bbp_topic_count":0,"_bbp_reply_count":0,"_bbp_total_topic_count":0,"_bbp_total_reply_count":0,"_bbp_voice_count":0,"_bbp_anonymous_reply_count":0,"_bbp_topic_count_hidden":0,"_bbp_reply_count_hidden":0,"_bbp_forum_subforum_count":0,"pmpro_default_level":"","footnotes":""},"class_list":["post-2901","page","type-page","status-publish","hentry","pmpro-has-access"],"_links":{"self":[{"href":"https:\/\/corummatematikevi.com\/index.php\/wp-json\/wp\/v2\/pages\/2901","targetHints":{"allow":["GET"]}}],"collection":[{"href":"https:\/\/corummatematikevi.com\/index.php\/wp-json\/wp\/v2\/pages"}],"about":[{"href":"https:\/\/corummatematikevi.com\/index.php\/wp-json\/wp\/v2\/types\/page"}],"author":[{"embeddable":true,"href":"https:\/\/corummatematikevi.com\/index.php\/wp-json\/wp\/v2\/users\/1"}],"replies":[{"embeddable":true,"href":"https:\/\/corummatematikevi.com\/index.php\/wp-json\/wp\/v2\/comments?post=2901"}],"version-history":[{"count":16,"href":"https:\/\/corummatematikevi.com\/index.php\/wp-json\/wp\/v2\/pages\/2901\/revisions"}],"predecessor-version":[{"id":9149,"href":"https:\/\/corummatematikevi.com\/index.php\/wp-json\/wp\/v2\/pages\/2901\/revisions\/9149"}],"wp:attachment":[{"href":"https:\/\/corummatematikevi.com\/index.php\/wp-json\/wp\/v2\/media?parent=2901"}],"curies":[{"name":"wp","href":"https:\/\/api.w.org\/{rel}","templated":true}]}}